{"id":48,"date":"2010-12-15T15:04:58","date_gmt":"2010-12-15T14:04:58","guid":{"rendered":"http:\/\/soupizet.net\/beta2\/?page_id=48"},"modified":"2018-02-04T22:20:45","modified_gmt":"2018-02-04T21:20:45","slug":"consultations","status":"publish","type":"page","link":"http:\/\/soupizet.net\/?page_id=48","title":{"rendered":"Consultations"},"content":{"rendered":"<p>JF Soupizet effectue des consultations sur les questions de strat\u00e9gie num\u00e9rique et les projets qui se d\u00e9veloppent dans ce cadre, en particulier aupr\u00e8s des autorit\u00e9s locales.<br \/>\nPlusieurs de ces activit\u00e9s ont exerc\u00e9es en liaison avec <a href=\"http:\/\/www.items.fr\/\" target=\"_blank\" rel=\"noopener\"><span style=\"color: #800000;\">ITEMS INTERNATIONAL.<\/span><\/a><\/p>\n","protected":false},"excerpt":{"rendered":"<p>JF Soupizet effectue des consultations sur les questions de strat\u00e9gie num\u00e9rique et les projets qui se d\u00e9veloppent dans ce cadre, en particulier aupr\u00e8s des autorit\u00e9s &hellip; <span class=\"read-more-link\"><a class=\"read-more\" href=\"http:\/\/soupizet.net\/?page_id=48\">Read More &rsaquo;<\/a><\/span><\/p>\n","protected":false},"author":1,"featured_media":0,"parent":0,"menu_order":0,"comment_status":"closed","ping_status":"closed","template":"","meta":[],"_links":{"self":[{"href":"http:\/\/soupizet.net\/index.php?rest_route=\/wp\/v2\/pages\/48"}],"collection":[{"href":"http:\/\/soupizet.net\/index.php?rest_route=\/wp\/v2\/pages"}],"about":[{"href":"http:\/\/soupizet.net\/index.php?rest_route=\/wp\/v2\/types\/page"}],"author":[{"embeddable":true,"href":"http:\/\/soupizet.net\/index.php?rest_route=\/wp\/v2\/users\/1"}],"replies":[{"embeddable":true,"href":"http:\/\/soupizet.net\/index.php?rest_route=%2Fwp%2Fv2%2Fcomments&post=48"}],"version-history":[{"count":20,"href":"http:\/\/soupizet.net\/index.php?rest_route=\/wp\/v2\/pages\/48\/revisions"}],"predecessor-version":[{"id":1568,"href":"http:\/\/soupizet.net\/index.php?rest_route=\/wp\/v2\/pages\/48\/revisions\/1568"}],"wp:attachment":[{"href":"http:\/\/soupizet.net\/index.php?rest_route=%2Fwp%2Fv2%2Fmedia&parent=48"}],"curies":[{"name":"wp","href":"https:\/\/api.w.org\/{rel}","templated":true}]}}